{"id":702,"date":"2025-11-17T18:52:12","date_gmt":"2025-11-17T18:52:12","guid":{"rendered":"https:\/\/www.ronyalavin.com\/services-2\/"},"modified":"2026-02-27T15:12:14","modified_gmt":"2026-02-27T15:12:14","slug":"services-2","status":"publish","type":"page","link":"https:\/\/ronyalavin.com\/en\/services-2\/","title":{"rendered":"Services"},"content":{"rendered":"<div data-elementor-type=\"wp-page\" data-elementor-id=\"702\" class=\"elementor elementor-702\" data-elementor-post-type=\"page\">\n\t\t\t\t<div class=\"elementor-element elementor-element-193dffe e-flex e-con-boxed e-con e-parent\" data-id=\"193dffe\" data-element_type=\"container\" data-e-type=\"container\" data-settings=\"{&quot;background_background&quot;:&quot;classic&quot;,&quot;shape_divider_bottom&quot;:&quot;tilt&quot;}\">\n\t\t\t\t\t<div class=\"e-con-inner\">\n\t\t\t\t<div class=\"elementor-shape elementor-shape-bottom\" aria-hidden=\"true\" data-negative=\"false\">\n\t\t\t<svg xmlns=\"http:\/\/www.w3.org\/2000\/svg\" viewbox=\"0 0 1000 100\" preserveaspectratio=\"none\">\n\t<path class=\"elementor-shape-fill\" d=\"M0,6V0h1000v100L0,6z\"\/>\n<\/svg>\t\t<\/div>\n\t\t\t\t<div class=\"elementor-element elementor-element-ba83290 elementor-widget elementor-widget-heading\" data-id=\"ba83290\" data-element_type=\"widget\" data-e-type=\"widget\" data-widget_type=\"heading.default\">\n\t\t\t\t\t<div class=\"elementor-heading-title elementor-size-default\">Our Services<\/div>\t\t\t\t<\/div>\n\t\t\t\t<div class=\"elementor-element elementor-element-053da92 elementor-widget elementor-widget-heading\" data-id=\"053da92\" data-element_type=\"widget\" data-e-type=\"widget\" data-widget_type=\"heading.default\">\n\t\t\t\t\t<h1 class=\"elementor-heading-title elementor-size-default\">Beauty and Fashion Services<\/h1>\t\t\t\t<\/div>\n\t\t\t\t\t<\/div>\n\t\t\t\t<\/div>\n\t\t<div class=\"elementor-element elementor-element-5ff379a e-flex e-con-boxed e-con e-parent\" data-id=\"5ff379a\" data-element_type=\"container\" data-e-type=\"container\">\n\t\t\t\t\t<div class=\"e-con-inner\">\n\t\t<div class=\"elementor-element elementor-element-a21f989 e-con-full e-flex e-con e-child\" data-id=\"a21f989\" data-element_type=\"container\" data-e-type=\"container\">\n\t\t<div class=\"elementor-element elementor-element-b790301 e-con-full e-flex e-con e-child\" data-id=\"b790301\" data-element_type=\"container\" data-e-type=\"container\">\n\t\t\t\t<div class=\"elementor-element elementor-element-50991b5 elementor-widget__width-initial elementor-widget elementor-widget-heading\" data-id=\"50991b5\" data-element_type=\"widget\" data-e-type=\"widget\" data-widget_type=\"heading.default\">\n\t\t\t\t\t<h2 class=\"elementor-heading-title elementor-size-default\">01.<\/h2>\t\t\t\t<\/div>\n\t\t\t\t<div class=\"elementor-element elementor-element-a6032ca elementor-widget__width-initial elementor-widget elementor-widget-hfe-infocard\" data-id=\"a6032ca\" data-element_type=\"widget\" data-e-type=\"widget\" data-widget_type=\"hfe-infocard.default\">\n\t\t\t\t<div class=\"elementor-widget-container\">\n\t\t\t\t\t\n\t\t<div class=\"hfe-infocard\">\n\t\t\t\t\t\t\t\t\t<div class=\"hfe-infocard-title-wrap\">\n\t\t\t\t<h3 class=\"hfe-infocard-title elementor-inline-editing\" data-elementor-setting-key=\"infocard_title\" data-elementor-inline-editing-toolbar=\"basic\" >Nail and Hand\/Foot Care<\/h3>\t\t\t<\/div>\n\t\t\t\t\t\t<div class=\"hfe-infocard-text-wrap\">\n\t\t\t\t<div class=\"hfe-infocard-text elementor-inline-editing\" data-elementor-setting-key=\"infocard_description\" data-elementor-inline-editing-toolbar=\"advanced\">\n\t\t\t\t\t<p data-path-to-node=\"4\"><i>Nail treatments where aesthetics and hygiene meet.<\/i><\/p><ul data-path-to-node=\"5\"><li><p data-path-to-node=\"5,0,0\">Manicure<\/p><\/li><li><p data-path-to-node=\"5,1,0\">Pedicure<\/p><\/li><li><p data-path-to-node=\"5,2,0\">Gel Nail Polish<\/p><\/li><li><p data-path-to-node=\"5,3,0\">Artificial Nails<\/p><\/li><\/ul>\t\t\t\t<\/div>\n\t\t\t\t\t\t\t<\/div>\n\t\t<\/div>\n\n\t\t\t\t\t\t<\/div>\n\t\t\t\t<\/div>\n\t\t\t\t<\/div>\n\t\t\t\t<div class=\"elementor-element elementor-element-e46dc58 elementor-widget elementor-widget-image\" data-id=\"e46dc58\" data-element_type=\"widget\" data-e-type=\"widget\" data-widget_type=\"image.default\">\n\t\t\t\t\t\t\t\t\t\t\t\t\t\t\t<img fetchpriority=\"high\" decoding=\"async\" width=\"683\" height=\"1024\" src=\"https:\/\/ronyalavin.com\/wp-content\/uploads\/2025\/11\/pexels-photo-3997383-3997383-683x1024.webp\" class=\"attachment-large size-large wp-image-763\" alt=\"Close-up of a manicurist applying red nail polish in a salon.\" srcset=\"https:\/\/ronyalavin.com\/wp-content\/uploads\/2025\/11\/pexels-photo-3997383-3997383-683x1024.webp 683w, https:\/\/ronyalavin.com\/wp-content\/uploads\/2025\/11\/pexels-photo-3997383-3997383-200x300.webp 200w, https:\/\/ronyalavin.com\/wp-content\/uploads\/2025\/11\/pexels-photo-3997383-3997383-768x1152.webp 768w, https:\/\/ronyalavin.com\/wp-content\/uploads\/2025\/11\/pexels-photo-3997383-3997383-1024x1536.webp 1024w, https:\/\/ronyalavin.com\/wp-content\/uploads\/2025\/11\/pexels-photo-3997383-3997383-1365x2048.jpg 1365w, https:\/\/ronyalavin.com\/wp-content\/uploads\/2025\/11\/pexels-photo-3997383-3997383-scaled.webp 1280w\" sizes=\"(max-width: 683px) 100vw, 683px\" title=\"Services\">\t\t\t\t\t\t\t\t\t\t\t\t\t\t\t<\/div>\n\t\t\t\t<\/div>\n\t\t<div class=\"elementor-element elementor-element-155f5ad e-con-full e-flex e-con e-child\" data-id=\"155f5ad\" data-element_type=\"container\" data-e-type=\"container\">\n\t\t<div class=\"elementor-element elementor-element-124570d e-con-full e-flex e-con e-child\" data-id=\"124570d\" data-element_type=\"container\" data-e-type=\"container\">\n\t\t\t\t<div class=\"elementor-element elementor-element-96dcff2 elementor-widget__width-initial elementor-widget elementor-widget-heading\" data-id=\"96dcff2\" data-element_type=\"widget\" data-e-type=\"widget\" data-widget_type=\"heading.default\">\n\t\t\t\t\t<h2 class=\"elementor-heading-title elementor-size-default\">02.<\/h2>\t\t\t\t<\/div>\n\t\t\t\t<div class=\"elementor-element elementor-element-444bdb8 elementor-widget__width-initial elementor-widget elementor-widget-hfe-infocard\" data-id=\"444bdb8\" data-element_type=\"widget\" data-e-type=\"widget\" data-widget_type=\"hfe-infocard.default\">\n\t\t\t\t<div class=\"elementor-widget-container\">\n\t\t\t\t\t\n\t\t<div class=\"hfe-infocard\">\n\t\t\t\t\t\t\t\t\t<div class=\"hfe-infocard-title-wrap\">\n\t\t\t\t<h3 class=\"hfe-infocard-title elementor-inline-editing\" data-elementor-setting-key=\"infocard_title\" data-elementor-inline-editing-toolbar=\"basic\" >Hair Design and Care<\/h3>\t\t\t<\/div>\n\t\t\t\t\t\t<div class=\"hfe-infocard-text-wrap\">\n\t\t\t\t<div class=\"hfe-infocard-text elementor-inline-editing\" data-elementor-setting-key=\"infocard_description\" data-elementor-inline-editing-toolbar=\"advanced\">\n\t\t\t\t\t<p data-path-to-node=\"7\"><i>Cuts, coloring, and structuring treatments to suit your personal style.<\/i><\/p><ul data-path-to-node=\"8\"><li><p data-path-to-node=\"8,0,0\">Hair Cut<\/p><\/li><li><p data-path-to-node=\"8,1,0\">Root Dye<\/p><\/li><li><p data-path-to-node=\"8,2,0\">Full Head Color<\/p><\/li><li><p data-path-to-node=\"8,3,0\">Keratin Treatment<\/p><\/li><li><p data-path-to-node=\"8,4,0\">Brazilian Blowout<\/p><\/li><li><p data-path-to-node=\"8,5,0\">Blow-Drying<\/p><\/li><li><p data-path-to-node=\"8,6,0\">Curling iron<\/p><\/li><li><p data-path-to-node=\"8,7,0\">Bun<\/p><\/li><\/ul>\t\t\t\t<\/div>\n\t\t\t\t\t\t\t<\/div>\n\t\t<\/div>\n\n\t\t\t\t\t\t<\/div>\n\t\t\t\t<\/div>\n\t\t\t\t<\/div>\n\t\t\t\t<div class=\"elementor-element elementor-element-df81881 elementor-widget elementor-widget-image\" data-id=\"df81881\" data-element_type=\"widget\" data-e-type=\"widget\" data-widget_type=\"image.default\">\n\t\t\t\t\t\t\t\t\t\t\t\t\t\t\t<img decoding=\"async\" width=\"1024\" height=\"683\" src=\"https:\/\/ronyalavin.com\/wp-content\/uploads\/2025\/11\/pexels-photo-3065171-3065171-1024x683.webp\" class=\"attachment-large size-large wp-image-764\" alt=\"Close-up of hairstylist perfecting curls on a woman&#039;s hair in a salon setting.\" srcset=\"https:\/\/ronyalavin.com\/wp-content\/uploads\/2025\/11\/pexels-photo-3065171-3065171-1024x683.webp 1024w, https:\/\/ronyalavin.com\/wp-content\/uploads\/2025\/11\/pexels-photo-3065171-3065171-300x200.webp 300w, https:\/\/ronyalavin.com\/wp-content\/uploads\/2025\/11\/pexels-photo-3065171-3065171-768x512.webp 768w, https:\/\/ronyalavin.com\/wp-content\/uploads\/2025\/11\/pexels-photo-3065171-3065171-1536x1024.webp 1536w, https:\/\/ronyalavin.com\/wp-content\/uploads\/2025\/11\/pexels-photo-3065171-3065171-scaled.webp 1920w\" sizes=\"(max-width: 1024px) 100vw, 1024px\" title=\"Services\">\t\t\t\t\t\t\t\t\t\t\t\t\t\t\t<\/div>\n\t\t\t\t<\/div>\n\t\t<div class=\"elementor-element elementor-element-d9c2dd2 e-con-full e-flex e-con e-child\" data-id=\"d9c2dd2\" data-element_type=\"container\" data-e-type=\"container\">\n\t\t<div class=\"elementor-element elementor-element-fcb27ac e-con-full e-flex e-con e-child\" data-id=\"fcb27ac\" data-element_type=\"container\" data-e-type=\"container\">\n\t\t\t\t<div class=\"elementor-element elementor-element-96191d6 elementor-widget__width-initial elementor-widget elementor-widget-heading\" data-id=\"96191d6\" data-element_type=\"widget\" data-e-type=\"widget\" data-widget_type=\"heading.default\">\n\t\t\t\t\t<h2 class=\"elementor-heading-title elementor-size-default\">03.<\/h2>\t\t\t\t<\/div>\n\t\t\t\t<div class=\"elementor-element elementor-element-5d2b846 elementor-widget__width-initial elementor-widget elementor-widget-hfe-infocard\" data-id=\"5d2b846\" data-element_type=\"widget\" data-e-type=\"widget\" data-widget_type=\"hfe-infocard.default\">\n\t\t\t\t<div class=\"elementor-widget-container\">\n\t\t\t\t\t\n\t\t<div class=\"hfe-infocard\">\n\t\t\t\t\t\t\t\t\t<div class=\"hfe-infocard-title-wrap\">\n\t\t\t\t<h3 class=\"hfe-infocard-title elementor-inline-editing\" data-elementor-setting-key=\"infocard_title\" data-elementor-inline-editing-toolbar=\"basic\" >Waxing and Epilation<\/h3>\t\t\t<\/div>\n\t\t\t\t\t\t<div class=\"hfe-infocard-text-wrap\">\n\t\t\t\t<div class=\"hfe-infocard-text elementor-inline-editing\" data-elementor-setting-key=\"infocard_description\" data-elementor-inline-editing-toolbar=\"advanced\">\n\t\t\t\t\t<p data-path-to-node=\"10\"><i>Professional waxing and laser solutions for smooth skin.<\/i><\/p>\n<ul data-path-to-node=\"11\">\n<li>\n<p data-path-to-node=\"11,0,0\">Waxing and Hair Removal<\/p>\n<\/li>\n<li>\n<p data-path-to-node=\"11,1,0\">Leg Waxing<\/p>\n<\/li>\n<li>\n<p data-path-to-node=\"11,2,0\">Arm Waxing<\/p>\n<\/li>\n<li>\n<p data-path-to-node=\"11,3,0\">Underarm Waxing<\/p>\n<\/li>\n<li>\n<p data-path-to-node=\"11,4,0\">Bikini Wax<\/p>\n<\/li>\n<\/ul>\t\t\t\t<\/div>\n\t\t\t\t\t\t\t<\/div>\n\t\t<\/div>\n\n\t\t\t\t\t\t<\/div>\n\t\t\t\t<\/div>\n\t\t\t\t<\/div>\n\t\t\t\t<div class=\"elementor-element elementor-element-6cbb934 elementor-widget elementor-widget-image\" data-id=\"6cbb934\" data-element_type=\"widget\" data-e-type=\"widget\" data-widget_type=\"image.default\">\n\t\t\t\t\t\t\t\t\t\t\t\t\t\t\t<img decoding=\"async\" width=\"819\" height=\"1024\" src=\"https:\/\/ronyalavin.com\/wp-content\/uploads\/2025\/11\/pexels-photo-19239092-19239092-819x1024.webp\" class=\"attachment-large size-large wp-image-765\" alt=\"Close-up of a laser hair removal session at a spa, emphasizing professional skincare and relaxation.\" srcset=\"https:\/\/ronyalavin.com\/wp-content\/uploads\/2025\/11\/pexels-photo-19239092-19239092-819x1024.webp 819w, https:\/\/ronyalavin.com\/wp-content\/uploads\/2025\/11\/pexels-photo-19239092-19239092-240x300.webp 240w, https:\/\/ronyalavin.com\/wp-content\/uploads\/2025\/11\/pexels-photo-19239092-19239092-768x960.webp 768w, https:\/\/ronyalavin.com\/wp-content\/uploads\/2025\/11\/pexels-photo-19239092-19239092-1229x1536.webp 1229w, https:\/\/ronyalavin.com\/wp-content\/uploads\/2025\/11\/pexels-photo-19239092-19239092-scaled.webp 1536w\" sizes=\"(max-width: 819px) 100vw, 819px\" title=\"Services\">\t\t\t\t\t\t\t\t\t\t\t\t\t\t\t<\/div>\n\t\t\t\t<\/div>\n\t\t<div class=\"elementor-element elementor-element-be1b516 e-con-full e-flex e-con e-child\" data-id=\"be1b516\" data-element_type=\"container\" data-e-type=\"container\">\n\t\t<div class=\"elementor-element elementor-element-bc326fc e-con-full e-flex e-con e-child\" data-id=\"bc326fc\" data-element_type=\"container\" data-e-type=\"container\">\n\t\t\t\t<div class=\"elementor-element elementor-element-93740d2 elementor-widget__width-initial elementor-widget elementor-widget-heading\" data-id=\"93740d2\" data-element_type=\"widget\" data-e-type=\"widget\" data-widget_type=\"heading.default\">\n\t\t\t\t\t<h2 class=\"elementor-heading-title elementor-size-default\">04.<\/h2>\t\t\t\t<\/div>\n\t\t\t\t<div class=\"elementor-element elementor-element-801b655 elementor-widget__width-initial elementor-widget elementor-widget-hfe-infocard\" data-id=\"801b655\" data-element_type=\"widget\" data-e-type=\"widget\" data-widget_type=\"hfe-infocard.default\">\n\t\t\t\t<div class=\"elementor-widget-container\">\n\t\t\t\t\t\n\t\t<div class=\"hfe-infocard\">\n\t\t\t\t\t\t\t\t\t<div class=\"hfe-infocard-title-wrap\">\n\t\t\t\t<h3 class=\"hfe-infocard-title elementor-inline-editing\" data-elementor-setting-key=\"infocard_title\" data-elementor-inline-editing-toolbar=\"basic\" >Skin Care<\/h3>\t\t\t<\/div>\n\t\t\t\t\t\t<div class=\"hfe-infocard-text-wrap\">\n\t\t\t\t<div class=\"hfe-infocard-text elementor-inline-editing\" data-elementor-setting-key=\"infocard_description\" data-elementor-inline-editing-toolbar=\"advanced\">\n\t\t\t\t\t<p data-path-to-node=\"13\"><i>Treatments and contouring that reveal your skin's radiance.<\/i><\/p><ul data-path-to-node=\"14\"><li><p data-path-to-node=\"14,0,0\">Steam Facial Treatment<\/p><\/li><li><p data-path-to-node=\"14,1,0\">Eyebrow Shaping<\/p><\/li><li><p data-path-to-node=\"14,2,0\">Upper Lip<\/p><\/li><\/ul><p><br><\/p>\t\t\t\t<\/div>\n\t\t\t\t\t\t\t<\/div>\n\t\t<\/div>\n\n\t\t\t\t\t\t<\/div>\n\t\t\t\t<\/div>\n\t\t\t\t<\/div>\n\t\t\t\t<div class=\"elementor-element elementor-element-8306552 elementor-widget elementor-widget-image\" data-id=\"8306552\" data-element_type=\"widget\" data-e-type=\"widget\" data-widget_type=\"image.default\">\n\t\t\t\t\t\t\t\t\t\t\t\t\t\t\t<img loading=\"lazy\" decoding=\"async\" width=\"683\" height=\"1024\" src=\"https:\/\/ronyalavin.com\/wp-content\/uploads\/2025\/11\/pexels-photo-5128234-5128234-683x1024.webp\" class=\"attachment-large size-large wp-image-769\" alt=\"Close-up of eyelash extension application with black gloves and tweezers.\" srcset=\"https:\/\/ronyalavin.com\/wp-content\/uploads\/2025\/11\/pexels-photo-5128234-5128234-683x1024.webp 683w, https:\/\/ronyalavin.com\/wp-content\/uploads\/2025\/11\/pexels-photo-5128234-5128234-200x300.webp 200w, https:\/\/ronyalavin.com\/wp-content\/uploads\/2025\/11\/pexels-photo-5128234-5128234-768x1152.webp 768w, https:\/\/ronyalavin.com\/wp-content\/uploads\/2025\/11\/pexels-photo-5128234-5128234-1024x1536.webp 1024w, https:\/\/ronyalavin.com\/wp-content\/uploads\/2025\/11\/pexels-photo-5128234-5128234-scaled.webp 1280w\" sizes=\"(max-width: 683px) 100vw, 683px\" title=\"Services\">\t\t\t\t\t\t\t\t\t\t\t\t\t\t\t<\/div>\n\t\t\t\t<\/div>\n\t\t\t\t\t<\/div>\n\t\t\t\t<\/div>\n\t\t<div class=\"elementor-element elementor-element-d4304c4 e-flex e-con-boxed e-con e-parent\" data-id=\"d4304c4\" data-element_type=\"container\" data-e-type=\"container\" data-settings=\"{&quot;background_background&quot;:&quot;classic&quot;,&quot;shape_divider_top&quot;:&quot;tilt&quot;}\">\n\t\t\t\t\t<div class=\"e-con-inner\">\n\t\t\t\t<div class=\"elementor-shape elementor-shape-top\" aria-hidden=\"true\" data-negative=\"false\">\n\t\t\t<svg xmlns=\"http:\/\/www.w3.org\/2000\/svg\" viewbox=\"0 0 1000 100\" preserveaspectratio=\"none\">\n\t<path class=\"elementor-shape-fill\" d=\"M0,6V0h1000v100L0,6z\"\/>\n<\/svg>\t\t<\/div>\n\t\t\t\t<div class=\"elementor-element elementor-element-dd6e0ae elementor-widget elementor-widget-heading\" data-id=\"dd6e0ae\" data-element_type=\"widget\" data-e-type=\"widget\" data-widget_type=\"heading.default\">\n\t\t\t\t\t<span class=\"elementor-heading-title elementor-size-default\">We are waiting for you.<\/span>\t\t\t\t<\/div>\n\t\t\t\t<div class=\"elementor-element elementor-element-2d6c904 elementor-widget elementor-widget-hfe-infocard\" data-id=\"2d6c904\" data-element_type=\"widget\" data-e-type=\"widget\" data-widget_type=\"hfe-infocard.default\">\n\t\t\t\t<div class=\"elementor-widget-container\">\n\t\t\t\t\t\n\t\t<div class=\"hfe-infocard\">\n\t\t\t\t\t\t\t\t\t<div class=\"hfe-infocard-title-wrap\">\n\t\t\t\t<h2 class=\"hfe-infocard-title elementor-inline-editing\" data-elementor-setting-key=\"infocard_title\" data-elementor-inline-editing-toolbar=\"basic\" >Start pampering yourself now.<\/h2>\t\t\t<\/div>\n\t\t\t\t\t\t<div class=\"hfe-infocard-text-wrap\">\n\t\t\t\t<div class=\"hfe-infocard-text elementor-inline-editing\" data-elementor-setting-key=\"infocard_description\" data-elementor-inline-editing-toolbar=\"advanced\">\n\t\t\t\t\tAre you ready to experience beauty and care with Ronya &amp; Lavin? \t\t\t\t<\/div>\n\t\t\t\t\t\t\t<div class=\"hfe-button-wrapper elementor-widget-button\">\n\t\t\t\t<a href=\"\/en\/contact\/\" class=\"elementor-button-link elementor-button elementor-size-sm\">\n\t\t\t\t\t<span class=\"elementor-button-text elementor-inline-editing\"  data-elementor-setting-key=\"infocard_button_text\" data-elementor-inline-editing-toolbar=\"none\">Contact Us<\/span>\n\t\t\t\t<\/a>\n\t\t\t<\/div>\n\t\t\t\t\t\t<\/div>\n\t\t<\/div>\n\n\t\t\t\t\t\t<\/div>\n\t\t\t\t<\/div>\n\t\t\t\t\t<\/div>\n\t\t\t\t<\/div>\n\t\t\t\t<\/div>","protected":false},"excerpt":{"rendered":"<p>Hizmetlerimiz G\u00fczellik ve Moda Hizmetleri 01. T\u0131rnak ve El Ayak Bak\u0131m\u0131 Estetik ve hijyenin bulu\u015ftu\u011fu t\u0131rnak uygulamalar\u0131. Manik\u00fcr Pedik\u00fcr Kal\u0131c\u0131 [&hellip;]<\/p>\n","protected":false},"author":1,"featured_media":0,"parent":0,"menu_order":0,"comment_status":"closed","ping_status":"closed","template":"","meta":{"_oct_exclude_from_cache":false,"site-sidebar-layout":"no-sidebar","site-content-layout":"","ast-site-content-layout":"full-width-container","site-content-style":"default","site-sidebar-style":"default","ast-global-header-display":"","ast-banner-title-visibility":"","ast-main-header-display":"","ast-hfb-above-header-display":"","ast-hfb-below-header-display":"","ast-hfb-mobile-header-display":"","site-post-title":"disabled","ast-breadcrumbs-content":"","ast-featured-img":"disabled","footer-sml-layout":"","theme-transparent-header-meta":"","adv-header-id-meta":"","stick-header-meta":"","header-above-stick-meta":"","header-main-stick-meta":"","header-below-stick-meta":"","astra-migrate-meta-layouts":"default","ast-page-background-enabled":"default","ast-page-background-meta":{"desktop":{"background-color":"var(--ast-global-color-5)","background-image":"","background-repeat":"repeat","background-position":"center center","background-size":"auto","background-attachment":"scroll","background-type":"","background-media":"","overlay-type":"","overlay-color":"","overlay-opacity":"","overlay-gradient":""},"tablet":{"background-color":"","background-image":"","background-repeat":"repeat","background-position":"center center","background-size":"auto","background-attachment":"scroll","background-type":"","background-media":"","overlay-type":"","overlay-color":"","overlay-opacity":"","overlay-gradient":""},"mobile":{"background-color":"","background-image":"","background-repeat":"repeat","background-position":"center center","background-size":"auto","background-attachment":"scroll","background-type":"","background-media":"","overlay-type":"","overlay-color":"","overlay-opacity":"","overlay-gradient":""}},"ast-content-background-meta":{"desktop":{"background-color":"var(--ast-global-color-4)","background-image":"","background-repeat":"repeat","background-position":"center center","background-size":"auto","background-attachment":"scroll","background-type":"","background-media":"","overlay-type":"","overlay-color":"","overlay-opacity":"","overlay-gradient":""},"tablet":{"background-color":"var(--ast-global-color-4)","background-image":"","background-repeat":"repeat","background-position":"center center","background-size":"auto","background-attachment":"scroll","background-type":"","background-media":"","overlay-type":"","overlay-color":"","overlay-opacity":"","overlay-gradient":""},"mobile":{"background-color":"var(--ast-global-color-4)","background-image":"","background-repeat":"repeat","background-position":"center center","background-size":"auto","background-attachment":"scroll","background-type":"","background-media":"","overlay-type":"","overlay-color":"","overlay-opacity":"","overlay-gradient":""}},"footnotes":""},"class_list":["post-702","page","type-page","status-publish","hentry"],"_links":{"self":[{"href":"https:\/\/ronyalavin.com\/en\/wp-json\/wp\/v2\/pages\/702","targetHints":{"allow":["GET"]}}],"collection":[{"href":"https:\/\/ronyalavin.com\/en\/wp-json\/wp\/v2\/pages"}],"about":[{"href":"https:\/\/ronyalavin.com\/en\/wp-json\/wp\/v2\/types\/page"}],"author":[{"embeddable":true,"href":"https:\/\/ronyalavin.com\/en\/wp-json\/wp\/v2\/users\/1"}],"replies":[{"embeddable":true,"href":"https:\/\/ronyalavin.com\/en\/wp-json\/wp\/v2\/comments?post=702"}],"version-history":[{"count":36,"href":"https:\/\/ronyalavin.com\/en\/wp-json\/wp\/v2\/pages\/702\/revisions"}],"predecessor-version":[{"id":880,"href":"https:\/\/ronyalavin.com\/en\/wp-json\/wp\/v2\/pages\/702\/revisions\/880"}],"wp:attachment":[{"href":"https:\/\/ronyalavin.com\/en\/wp-json\/wp\/v2\/media?parent=702"}],"curies":[{"name":"wp","href":"https:\/\/api.w.org\/{rel}","templated":true}]}}