{"id":280,"date":"2025-11-17T18:51:46","date_gmt":"2025-11-17T18:51:46","guid":{"rendered":"https:\/\/www.ronyalavin.com\/about\/"},"modified":"2026-02-13T13:01:42","modified_gmt":"2026-02-13T13:01:42","slug":"about","status":"publish","type":"page","link":"https:\/\/ronyalavin.com\/en\/about\/","title":{"rendered":"About"},"content":{"rendered":"<div data-elementor-type=\"wp-page\" data-elementor-id=\"280\" class=\"elementor elementor-280\" data-elementor-post-type=\"page\">\n\t\t\t\t<div class=\"elementor-element elementor-element-b7237af e-flex e-con-boxed e-con e-parent\" data-id=\"b7237af\" data-element_type=\"container\" data-e-type=\"container\" data-settings=\"{&quot;background_background&quot;:&quot;classic&quot;,&quot;shape_divider_bottom&quot;:&quot;tilt&quot;}\">\n\t\t\t\t\t<div class=\"e-con-inner\">\n\t\t\t\t<div class=\"elementor-shape elementor-shape-bottom\" aria-hidden=\"true\" data-negative=\"false\">\n\t\t\t<svg xmlns=\"http:\/\/www.w3.org\/2000\/svg\" viewbox=\"0 0 1000 100\" preserveaspectratio=\"none\">\n\t<path class=\"elementor-shape-fill\" d=\"M0,6V0h1000v100L0,6z\"\/>\n<\/svg>\t\t<\/div>\n\t\t\t\t<div class=\"elementor-element elementor-element-e59e38e elementor-widget elementor-widget-heading\" data-id=\"e59e38e\" data-element_type=\"widget\" data-e-type=\"widget\" data-widget_type=\"heading.default\">\n\t\t\t\t\t<div class=\"elementor-heading-title elementor-size-default\">ABOUT US<\/div>\t\t\t\t<\/div>\n\t\t\t\t<div class=\"elementor-element elementor-element-279b14e elementor-widget elementor-widget-heading\" data-id=\"279b14e\" data-element_type=\"widget\" data-e-type=\"widget\" data-widget_type=\"heading.default\">\n\t\t\t\t\t<h1 class=\"elementor-heading-title elementor-size-default\">Ronya &amp; Lavin: A Step Ahead in Beauty and Fashion<\/h1>\t\t\t\t<\/div>\n\t\t\t\t\t<\/div>\n\t\t\t\t<\/div>\n\t\t<div class=\"elementor-element elementor-element-3f64db3 e-flex e-con-boxed e-con e-parent\" data-id=\"3f64db3\" data-element_type=\"container\" data-e-type=\"container\">\n\t\t\t\t\t<div class=\"e-con-inner\">\n\t\t\t\t<div class=\"elementor-element elementor-element-d4bb170 elementor-widget elementor-widget-heading\" data-id=\"d4bb170\" data-element_type=\"widget\" data-e-type=\"widget\" data-widget_type=\"heading.default\">\n\t\t\t\t\t<div class=\"elementor-heading-title elementor-size-default\">Who are we?<\/div>\t\t\t\t<\/div>\n\t\t\t\t<div class=\"elementor-element elementor-element-f1562ee elementor-widget elementor-widget-heading\" data-id=\"f1562ee\" data-element_type=\"widget\" data-e-type=\"widget\" data-widget_type=\"heading.default\">\n\t\t\t\t\t<h2 class=\"elementor-heading-title elementor-size-default\">The Vision of Ronya &amp; Lavin Beauty and Fashion Studio<\/h2>\t\t\t\t<\/div>\n\t\t<div class=\"elementor-element elementor-element-de6fff7 e-con-full e-flex e-con e-child\" data-id=\"de6fff7\" data-element_type=\"container\" data-e-type=\"container\">\n\t\t<div class=\"elementor-element elementor-element-6434562 e-con-full e-flex e-con e-child\" data-id=\"6434562\" data-element_type=\"container\" data-e-type=\"container\">\n\t\t\t\t<div class=\"elementor-element elementor-element-d389ae1 elementor-widget elementor-widget-image\" data-id=\"d389ae1\" data-element_type=\"widget\" data-e-type=\"widget\" data-widget_type=\"image.default\">\n\t\t\t\t\t\t\t\t\t\t\t\t\t\t\t<img fetchpriority=\"high\" decoding=\"async\" width=\"683\" height=\"1024\" src=\"https:\/\/ronyalavin.com\/wp-content\/uploads\/2025\/11\/pexels-photo-16120490-1-683x1024.jpeg\" class=\"attachment-large size-large wp-image-695\" alt=\"pexels photo 16120490.jpeg\" srcset=\"https:\/\/ronyalavin.com\/wp-content\/uploads\/2025\/11\/pexels-photo-16120490-1-683x1024.jpeg 683w, https:\/\/ronyalavin.com\/wp-content\/uploads\/2025\/11\/pexels-photo-16120490-1-200x300.jpeg 200w, https:\/\/ronyalavin.com\/wp-content\/uploads\/2025\/11\/pexels-photo-16120490-1.jpeg 700w\" sizes=\"(max-width: 683px) 100vw, 683px\" title=\"About\">\t\t\t\t\t\t\t\t\t\t\t\t\t\t\t<\/div>\n\t\t\t\t<\/div>\n\t\t<div class=\"elementor-element elementor-element-b9e1e5c e-con-full e-flex e-con e-child\" data-id=\"b9e1e5c\" data-element_type=\"container\" data-e-type=\"container\">\n\t\t\t\t<div class=\"elementor-element elementor-element-883f62f elementor-widget elementor-widget-hfe-infocard\" data-id=\"883f62f\" data-element_type=\"widget\" data-e-type=\"widget\" data-widget_type=\"hfe-infocard.default\">\n\t\t\t\t<div class=\"elementor-widget-container\">\n\t\t\t\t\t\n\t\t<div class=\"hfe-infocard\">\n\t\t\t\t\t\t\t\t\t<div class=\"hfe-infocard-title-wrap\">\n\t\t\t\t<h3 class=\"hfe-infocard-title elementor-inline-editing\" data-elementor-setting-key=\"infocard_title\" data-elementor-inline-editing-toolbar=\"basic\" >Through the professional services we offer our clients, we ensure they always feel special.<\/h3>\t\t\t<\/div>\n\t\t\t\t\t\t<div class=\"hfe-infocard-text-wrap\">\n\t\t\t\t<div class=\"hfe-infocard-text elementor-inline-editing\" data-elementor-setting-key=\"infocard_description\" data-elementor-inline-editing-toolbar=\"advanced\">\n\t\t\t\t\tRonya &amp; Lavin Beauty and Fashion Studio, with its expert team, prioritizes customer satisfaction and has achieved excellent results in personal care. Each of our services is meticulously applied to meet our clients' aesthetic needs and ensure they feel good about themselves. Every moment you spend in our studio offers a beautiful and comfortable experience.\n\n\t\t\t\t<\/div>\n\t\t\t\t\t\t\t<\/div>\n\t\t<\/div>\n\n\t\t\t\t\t\t<\/div>\n\t\t\t\t<\/div>\n\t\t\t\t<div class=\"elementor-element elementor-element-9290805 elementor-widget elementor-widget-heading\" data-id=\"9290805\" data-element_type=\"widget\" data-e-type=\"widget\" data-widget_type=\"heading.default\">\n\t\t\t\t\t<p class=\"elementor-heading-title elementor-size-default\">We exceed our clients' expectations, providing them with an unforgettable beauty experience.<\/p>\t\t\t\t<\/div>\n\t\t\t\t<\/div>\n\t\t\t\t<\/div>\n\t\t\t\t\t<\/div>\n\t\t\t\t<\/div>\n\t\t<div class=\"elementor-element elementor-element-7e69932 e-flex e-con-boxed e-con e-parent\" data-id=\"7e69932\" data-element_type=\"container\" data-e-type=\"container\" data-settings=\"{&quot;background_background&quot;:&quot;classic&quot;,&quot;shape_divider_top&quot;:&quot;tilt&quot;,&quot;shape_divider_bottom&quot;:&quot;tilt&quot;}\">\n\t\t\t\t\t<div class=\"e-con-inner\">\n\t\t\t\t<div class=\"elementor-shape elementor-shape-top\" aria-hidden=\"true\" data-negative=\"false\">\n\t\t\t<svg xmlns=\"http:\/\/www.w3.org\/2000\/svg\" viewbox=\"0 0 1000 100\" preserveaspectratio=\"none\">\n\t<path class=\"elementor-shape-fill\" d=\"M0,6V0h1000v100L0,6z\"\/>\n<\/svg>\t\t<\/div>\n\t\t\t\t<div class=\"elementor-shape elementor-shape-bottom\" aria-hidden=\"true\" data-negative=\"false\">\n\t\t\t<svg xmlns=\"http:\/\/www.w3.org\/2000\/svg\" viewbox=\"0 0 1000 100\" preserveaspectratio=\"none\">\n\t<path class=\"elementor-shape-fill\" d=\"M0,6V0h1000v100L0,6z\"\/>\n<\/svg>\t\t<\/div>\n\t\t<div class=\"elementor-element elementor-element-70b6f85 e-con-full e-flex e-con e-child\" data-id=\"70b6f85\" data-element_type=\"container\" data-e-type=\"container\">\n\t\t\t\t<div class=\"elementor-element elementor-element-e4b6eb8 elementor-widget elementor-widget-heading\" data-id=\"e4b6eb8\" data-element_type=\"widget\" data-e-type=\"widget\" data-widget_type=\"heading.default\">\n\t\t\t\t\t<div class=\"elementor-heading-title elementor-size-default\">Our Story<\/div>\t\t\t\t<\/div>\n\t\t\t\t<div class=\"elementor-element elementor-element-3b2cdb6 elementor-widget elementor-widget-hfe-infocard\" data-id=\"3b2cdb6\" data-element_type=\"widget\" data-e-type=\"widget\" data-widget_type=\"hfe-infocard.default\">\n\t\t\t\t<div class=\"elementor-widget-container\">\n\t\t\t\t\t\n\t\t<div class=\"hfe-infocard\">\n\t\t\t\t\t\t\t\t\t<div class=\"hfe-infocard-title-wrap\">\n\t\t\t\t<h2 class=\"hfe-infocard-title elementor-inline-editing\" data-elementor-setting-key=\"infocard_title\" data-elementor-inline-editing-toolbar=\"basic\" >Ronya &amp; Lavin's Founding Journey<\/h2>\t\t\t<\/div>\n\t\t\t\t\t\t<div class=\"hfe-infocard-text-wrap\">\n\t\t\t\t<div class=\"hfe-infocard-text elementor-inline-editing\" data-elementor-setting-key=\"infocard_description\" data-elementor-inline-editing-toolbar=\"advanced\">\n\t\t\t\t\tRonya &amp; Lavin Beauty and Fashion Studio was established in 2020 with the aim of providing modern beauty and care services. Quickly becoming a leader in its field, the studio prioritizes customer satisfaction with its professional team and wide range of services. Our experts take pride in offering quality and innovation together by following the latest trends.\t\t\t\t<\/div>\n\t\t\t\t\t\t\t<\/div>\n\t\t<\/div>\n\n\t\t\t\t\t\t<\/div>\n\t\t\t\t<\/div>\n\t\t\t\t<\/div>\n\t\t<div class=\"elementor-element elementor-element-a9132d4 e-con-full e-flex e-con e-child\" data-id=\"a9132d4\" data-element_type=\"container\" data-e-type=\"container\">\n\t\t\t\t<div class=\"elementor-element elementor-element-3b2ce7c elementor-widget elementor-widget-image\" data-id=\"3b2ce7c\" data-element_type=\"widget\" data-e-type=\"widget\" data-widget_type=\"image.default\">\n\t\t\t\t\t\t\t\t\t\t\t\t\t\t\t<img decoding=\"async\" width=\"683\" height=\"1024\" src=\"https:\/\/ronyalavin.com\/wp-content\/uploads\/2025\/11\/pexels-photo-15866050-1-683x1024.jpeg\" class=\"attachment-large size-large wp-image-696\" alt=\"pexels photo 15866050.jpeg\" srcset=\"https:\/\/ronyalavin.com\/wp-content\/uploads\/2025\/11\/pexels-photo-15866050-1-683x1024.jpeg 683w, https:\/\/ronyalavin.com\/wp-content\/uploads\/2025\/11\/pexels-photo-15866050-1-200x300.jpeg 200w, https:\/\/ronyalavin.com\/wp-content\/uploads\/2025\/11\/pexels-photo-15866050-1.jpeg 700w\" sizes=\"(max-width: 683px) 100vw, 683px\" title=\"About\">\t\t\t\t\t\t\t\t\t\t\t\t\t\t\t<\/div>\n\t\t\t\t<\/div>\n\t\t\t\t\t<\/div>\n\t\t\t\t<\/div>\n\t\t<div class=\"elementor-element elementor-element-f6e1d5d e-flex e-con-boxed e-con e-parent\" data-id=\"f6e1d5d\" data-element_type=\"container\" data-e-type=\"container\">\n\t\t\t\t\t<div class=\"e-con-inner\">\n\t\t<div class=\"elementor-element elementor-element-7ddcf8b e-con-full e-flex e-con e-child\" data-id=\"7ddcf8b\" data-element_type=\"container\" data-e-type=\"container\">\n\t\t\t\t<div class=\"elementor-element elementor-element-330a553 elementor-widget elementor-widget-heading\" data-id=\"330a553\" data-element_type=\"widget\" data-e-type=\"widget\" data-widget_type=\"heading.default\">\n\t\t\t\t\t<div class=\"elementor-heading-title elementor-size-default\">Our Mission<\/div>\t\t\t\t<\/div>\n\t\t\t\t<div class=\"elementor-element elementor-element-35c5bf1 elementor-widget elementor-widget-heading\" data-id=\"35c5bf1\" data-element_type=\"widget\" data-e-type=\"widget\" data-widget_type=\"heading.default\">\n\t\t\t\t\t<h2 class=\"elementor-heading-title elementor-size-default\">A Vision Focused on Customer Satisfaction<\/h2>\t\t\t\t<\/div>\n\t\t\t\t<\/div>\n\t\t<div class=\"elementor-element elementor-element-a5cc7ff e-con-full e-flex e-con e-child\" data-id=\"a5cc7ff\" data-element_type=\"container\" data-e-type=\"container\">\n\t\t\t\t<div class=\"elementor-element elementor-element-3cd45d2 elementor-widget elementor-widget-hfe-infocard\" data-id=\"3cd45d2\" data-element_type=\"widget\" data-e-type=\"widget\" data-widget_type=\"hfe-infocard.default\">\n\t\t\t\t<div class=\"elementor-widget-container\">\n\t\t\t\t\t\n\t\t<div class=\"hfe-infocard\">\n\t\t\t\t\t\t\t\t\t<div class=\"hfe-infocard-title-wrap\">\n\t\t\t\t<h3 class=\"hfe-infocard-title elementor-inline-editing\" data-elementor-setting-key=\"infocard_title\" data-elementor-inline-editing-toolbar=\"basic\" >Our Mission<\/h3>\t\t\t<\/div>\n\t\t\t\t\t\t<div class=\"hfe-infocard-text-wrap\">\n\t\t\t\t<div class=\"hfe-infocard-text elementor-inline-editing\" data-elementor-setting-key=\"infocard_description\" data-elementor-inline-editing-toolbar=\"advanced\">\n\t\t\t\t\tAt Ronya &amp; Lavin Beauty and Fashion Studio, we aim to provide our clients with the highest quality beauty and care services. Through innovative treatments and a professional approach, we strive to make each individual feel special. Our goal is to help you reveal your true beauty.\t\t\t\t<\/div>\n\t\t\t\t\t\t\t<\/div>\n\t\t<\/div>\n\n\t\t\t\t\t\t<\/div>\n\t\t\t\t<\/div>\n\t\t\t\t<div class=\"elementor-element elementor-element-6539b65 elementor-widget-divider--view-line elementor-widget elementor-widget-divider\" data-id=\"6539b65\" data-element_type=\"widget\" data-e-type=\"widget\" data-widget_type=\"divider.default\">\n\t\t\t\t\t\t\t<div class=\"elementor-divider\">\n\t\t\t<span class=\"elementor-divider-separator\">\n\t\t\t\t\t\t<\/span>\n\t\t<\/div>\n\t\t\t\t\t\t<\/div>\n\t\t\t\t<div class=\"elementor-element elementor-element-46b9c5d elementor-widget elementor-widget-hfe-infocard\" data-id=\"46b9c5d\" data-element_type=\"widget\" data-e-type=\"widget\" data-widget_type=\"hfe-infocard.default\">\n\t\t\t\t<div class=\"elementor-widget-container\">\n\t\t\t\t\t\n\t\t<div class=\"hfe-infocard\">\n\t\t\t\t\t\t\t\t\t<div class=\"hfe-infocard-title-wrap\">\n\t\t\t\t<h3 class=\"hfe-infocard-title elementor-inline-editing\" data-elementor-setting-key=\"infocard_title\" data-elementor-inline-editing-toolbar=\"basic\" >Our Values<\/h3>\t\t\t<\/div>\n\t\t\t\t\t\t<div class=\"hfe-infocard-text-wrap\">\n\t\t\t\t<div class=\"hfe-infocard-text elementor-inline-editing\" data-elementor-setting-key=\"infocard_description\" data-elementor-inline-editing-toolbar=\"advanced\">\n\t\t\t\t\tCustomer satisfaction, professionalism, and innovation are Ronya &amp; Lavin's core values. We prioritize quality and reliability in every service, aiming to create lasting relationships and positive experiences. Our team is committed to providing an experience that makes each client feel special.\t\t\t\t<\/div>\n\t\t\t\t\t\t\t<\/div>\n\t\t<\/div>\n\n\t\t\t\t\t\t<\/div>\n\t\t\t\t<\/div>\n\t\t\t\t<\/div>\n\t\t\t\t\t<\/div>\n\t\t\t\t<\/div>\n\t\t<div class=\"elementor-element elementor-element-01ad44d e-flex e-con-boxed e-con e-parent\" data-id=\"01ad44d\" data-element_type=\"container\" data-e-type=\"container\" data-settings=\"{&quot;background_background&quot;:&quot;gradient&quot;,&quot;shape_divider_top&quot;:&quot;tilt&quot;}\">\n\t\t\t\t\t<div class=\"e-con-inner\">\n\t\t\t\t<div class=\"elementor-shape elementor-shape-top\" aria-hidden=\"true\" data-negative=\"false\">\n\t\t\t<svg xmlns=\"http:\/\/www.w3.org\/2000\/svg\" viewbox=\"0 0 1000 100\" preserveaspectratio=\"none\">\n\t<path class=\"elementor-shape-fill\" d=\"M0,6V0h1000v100L0,6z\"\/>\n<\/svg>\t\t<\/div>\n\t\t\t\t<div class=\"elementor-element elementor-element-4a2ffdd elementor-widget elementor-widget-heading\" data-id=\"4a2ffdd\" data-element_type=\"widget\" data-e-type=\"widget\" data-widget_type=\"heading.default\">\n\t\t\t\t\t<div class=\"elementor-heading-title elementor-size-default\">Our team<\/div>\t\t\t\t<\/div>\n\t\t\t\t<div class=\"elementor-element elementor-element-b27b206 elementor-widget elementor-widget-heading\" data-id=\"b27b206\" data-element_type=\"widget\" data-e-type=\"widget\" data-widget_type=\"heading.default\">\n\t\t\t\t\t<h2 class=\"elementor-heading-title elementor-size-default\">Expert and Passionate Professionals<\/h2>\t\t\t\t<\/div>\n\t\t<div class=\"elementor-element elementor-element-f24aa1b e-con-full e-flex e-con e-child\" data-id=\"f24aa1b\" data-element_type=\"container\" data-e-type=\"container\">\n\t\t\t\t<div class=\"elementor-element elementor-element-4ff0a92 elementor-widget__width-initial elementor-position-top elementor-widget elementor-widget-image-box\" data-id=\"4ff0a92\" data-element_type=\"widget\" data-e-type=\"widget\" data-widget_type=\"image-box.default\">\n\t\t\t\t\t<div class=\"elementor-image-box-wrapper\"><figure class=\"elementor-image-box-img\"><img decoding=\"async\" width=\"474\" height=\"512\" src=\"https:\/\/ronyalavin.com\/wp-content\/uploads\/2025\/11\/unnamed-1.webp\" class=\"attachment-full size-full wp-image-755\" alt=\"unnamed\" title=\"About\" srcset=\"https:\/\/ronyalavin.com\/wp-content\/uploads\/2025\/11\/unnamed-1.webp 474w, https:\/\/ronyalavin.com\/wp-content\/uploads\/2025\/11\/unnamed-1-278x300.webp 278w\" sizes=\"(max-width: 474px) 100vw, 474px\" \/><\/figure><div class=\"elementor-image-box-content\"><p class=\"elementor-image-box-title\">M\u00fcge Ya\u015far<\/p><p class=\"elementor-image-box-description\">Founder<\/p><\/div><\/div>\t\t\t\t<\/div>\n\t\t\t\t<div class=\"elementor-element elementor-element-7a70682 elementor-widget__width-initial elementor-position-top elementor-widget elementor-widget-image-box\" data-id=\"7a70682\" data-element_type=\"widget\" data-e-type=\"widget\" data-widget_type=\"image-box.default\">\n\t\t\t\t\t<div class=\"elementor-image-box-wrapper\"><figure class=\"elementor-image-box-img\"><img loading=\"lazy\" decoding=\"async\" width=\"691\" height=\"693\" src=\"https:\/\/ronyalavin.com\/wp-content\/uploads\/2025\/11\/WhatsApp-Gorsel-2025-11-24-saat-20.12.32_7a838eb1.jpg1_.webp\" class=\"attachment-full size-full wp-image-756\" alt=\"whatsapp g\u00f6rsel 2025 11 24 saat 20.12.32 7a838eb1.jpg1\" title=\"About\" srcset=\"https:\/\/ronyalavin.com\/wp-content\/uploads\/2025\/11\/WhatsApp-Gorsel-2025-11-24-saat-20.12.32_7a838eb1.jpg1_.webp 691w, https:\/\/ronyalavin.com\/wp-content\/uploads\/2025\/11\/WhatsApp-Gorsel-2025-11-24-saat-20.12.32_7a838eb1.jpg1_-300x300.webp 300w, https:\/\/ronyalavin.com\/wp-content\/uploads\/2025\/11\/WhatsApp-Gorsel-2025-11-24-saat-20.12.32_7a838eb1.jpg1_-150x150.webp 150w\" sizes=\"(max-width: 691px) 100vw, 691px\" \/><\/figure><div class=\"elementor-image-box-content\"><p class=\"elementor-image-box-title\">Tuncay Zebek<\/p><p class=\"elementor-image-box-description\">Marketing Manager<\/p><\/div><\/div>\t\t\t\t<\/div>\n\t\t\t\t<div class=\"elementor-element elementor-element-c1b4f9d elementor-widget__width-initial elementor-position-top elementor-widget elementor-widget-image-box\" data-id=\"c1b4f9d\" data-element_type=\"widget\" data-e-type=\"widget\" data-widget_type=\"image-box.default\">\n\t\t\t\t\t<div class=\"elementor-image-box-wrapper\"><figure class=\"elementor-image-box-img\"><img loading=\"lazy\" decoding=\"async\" width=\"512\" height=\"512\" src=\"https:\/\/ronyalavin.com\/wp-content\/uploads\/2025\/11\/cropped-Ronyalavin-1.webp\" class=\"attachment-full size-full wp-image-743\" alt=\"ronya&amp;lavin\" title=\"About\" srcset=\"https:\/\/ronyalavin.com\/wp-content\/uploads\/2025\/11\/cropped-Ronyalavin-1.webp 512w, https:\/\/ronyalavin.com\/wp-content\/uploads\/2025\/11\/cropped-Ronyalavin-1-300x300.webp 300w, https:\/\/ronyalavin.com\/wp-content\/uploads\/2025\/11\/cropped-Ronyalavin-1-150x150.webp 150w, https:\/\/ronyalavin.com\/wp-content\/uploads\/2025\/11\/cropped-Ronyalavin-1-270x270.webp 270w, https:\/\/ronyalavin.com\/wp-content\/uploads\/2025\/11\/cropped-Ronyalavin-1-192x192.webp 192w, https:\/\/ronyalavin.com\/wp-content\/uploads\/2025\/11\/cropped-Ronyalavin-1-180x180.webp 180w, https:\/\/ronyalavin.com\/wp-content\/uploads\/2025\/11\/cropped-Ronyalavin-1-32x32.jpg 32w\" sizes=\"(max-width: 512px) 100vw, 512px\" \/><\/figure><div class=\"elementor-image-box-content\"><p class=\"elementor-image-box-title\">Ronya &amp; Lavin <\/p><p class=\"elementor-image-box-description\">Professional Beauty and Care Specialists<\/p><\/div><\/div>\t\t\t\t<\/div>\n\t\t\t\t<\/div>\n\t\t\t\t\t<\/div>\n\t\t\t\t<\/div>\n\t\t<div class=\"elementor-element elementor-element-816d166 e-flex e-con-boxed e-con e-parent\" data-id=\"816d166\" data-element_type=\"container\" data-e-type=\"container\" data-settings=\"{&quot;background_background&quot;:&quot;classic&quot;,&quot;shape_divider_top&quot;:&quot;tilt&quot;}\">\n\t\t\t\t\t<div class=\"e-con-inner\">\n\t\t\t\t<div class=\"elementor-shape elementor-shape-top\" aria-hidden=\"true\" data-negative=\"false\">\n\t\t\t<svg xmlns=\"http:\/\/www.w3.org\/2000\/svg\" viewbox=\"0 0 1000 100\" preserveaspectratio=\"none\">\n\t<path class=\"elementor-shape-fill\" d=\"M0,6V0h1000v100L0,6z\"\/>\n<\/svg>\t\t<\/div>\n\t\t\t\t<div class=\"elementor-element elementor-element-e9c27d1 elementor-widget elementor-widget-heading\" data-id=\"e9c27d1\" data-element_type=\"widget\" data-e-type=\"widget\" data-widget_type=\"heading.default\">\n\t\t\t\t\t<span class=\"elementor-heading-title elementor-size-default\">We are waiting for you.<\/span>\t\t\t\t<\/div>\n\t\t\t\t<div class=\"elementor-element elementor-element-c8d92b4 elementor-widget elementor-widget-hfe-infocard\" data-id=\"c8d92b4\" data-element_type=\"widget\" data-e-type=\"widget\" data-widget_type=\"hfe-infocard.default\">\n\t\t\t\t<div class=\"elementor-widget-container\">\n\t\t\t\t\t\n\t\t<div class=\"hfe-infocard\">\n\t\t\t\t\t\t\t\t\t<div class=\"hfe-infocard-title-wrap\">\n\t\t\t\t<h2 class=\"hfe-infocard-title elementor-inline-editing\" data-elementor-setting-key=\"infocard_title\" data-elementor-inline-editing-toolbar=\"basic\" >Start pampering yourself now.<\/h2>\t\t\t<\/div>\n\t\t\t\t\t\t<div class=\"hfe-infocard-text-wrap\">\n\t\t\t\t<div class=\"hfe-infocard-text elementor-inline-editing\" data-elementor-setting-key=\"infocard_description\" data-elementor-inline-editing-toolbar=\"advanced\">\n\t\t\t\t\tAre you ready to experience beauty and care with Ronya &amp; Lavin? \t\t\t\t<\/div>\n\t\t\t\t\t\t\t<div class=\"hfe-button-wrapper elementor-widget-button\">\n\t\t\t\t<a href=\"\/en\/contact\/\" class=\"elementor-button-link elementor-button elementor-size-sm\">\n\t\t\t\t\t<span class=\"elementor-button-text elementor-inline-editing\"  data-elementor-setting-key=\"infocard_button_text\" data-elementor-inline-editing-toolbar=\"none\">Contact Us<\/span>\n\t\t\t\t<\/a>\n\t\t\t<\/div>\n\t\t\t\t\t\t<\/div>\n\t\t<\/div>\n\n\t\t\t\t\t\t<\/div>\n\t\t\t\t<\/div>\n\t\t\t\t\t<\/div>\n\t\t\t\t<\/div>\n\t\t\t\t<\/div>","protected":false},"excerpt":{"rendered":"<p>Hakk\u0131nda Ronya &amp; Lavin: G\u00fczellikte ve Modada Bir Ad\u0131m \u00d6nde Biz Kimiz Ronya &amp; Lavin G\u00fczellik ve Moda St\u00fcdyosu&#8217;nun Vizyonu [&hellip;]<\/p>\n","protected":false},"author":1,"featured_media":0,"parent":0,"menu_order":0,"comment_status":"closed","ping_status":"closed","template":"","meta":{"_oct_exclude_from_cache":false,"site-sidebar-layout":"no-sidebar","site-content-layout":"","ast-site-content-layout":"full-width-container","site-content-style":"default","site-sidebar-style":"default","ast-global-header-display":"","ast-banner-title-visibility":"","ast-main-header-display":"","ast-hfb-above-header-display":"","ast-hfb-below-header-display":"","ast-hfb-mobile-header-display":"","site-post-title":"disabled","ast-breadcrumbs-content":"","ast-featured-img":"disabled","footer-sml-layout":"","theme-transparent-header-meta":"","adv-header-id-meta":"","stick-header-meta":"","header-above-stick-meta":"","header-main-stick-meta":"","header-below-stick-meta":"","astra-migrate-meta-layouts":"default","ast-page-background-enabled":"default","ast-page-background-meta":{"desktop":{"background-color":"var(--ast-global-color-5)","background-image":"","background-repeat":"repeat","background-position":"center center","background-size":"auto","background-attachment":"scroll","background-type":"","background-media":"","overlay-type":"","overlay-color":"","overlay-opacity":"","overlay-gradient":""},"tablet":{"background-color":"","background-image":"","background-repeat":"repeat","background-position":"center center","background-size":"auto","background-attachment":"scroll","background-type":"","background-media":"","overlay-type":"","overlay-color":"","overlay-opacity":"","overlay-gradient":""},"mobile":{"background-color":"","background-image":"","background-repeat":"repeat","background-position":"center center","background-size":"auto","background-attachment":"scroll","background-type":"","background-media":"","overlay-type":"","overlay-color":"","overlay-opacity":"","overlay-gradient":""}},"ast-content-background-meta":{"desktop":{"background-color":"var(--ast-global-color-4)","background-image":"","background-repeat":"repeat","background-position":"center center","background-size":"auto","background-attachment":"scroll","background-type":"","background-media":"","overlay-type":"","overlay-color":"","overlay-opacity":"","overlay-gradient":""},"tablet":{"background-color":"var(--ast-global-color-4)","background-image":"","background-repeat":"repeat","background-position":"center center","background-size":"auto","background-attachment":"scroll","background-type":"","background-media":"","overlay-type":"","overlay-color":"","overlay-opacity":"","overlay-gradient":""},"mobile":{"background-color":"var(--ast-global-color-4)","background-image":"","background-repeat":"repeat","background-position":"center center","background-size":"auto","background-attachment":"scroll","background-type":"","background-media":"","overlay-type":"","overlay-color":"","overlay-opacity":"","overlay-gradient":""}},"footnotes":""},"class_list":["post-280","page","type-page","status-publish","hentry"],"_links":{"self":[{"href":"https:\/\/ronyalavin.com\/en\/wp-json\/wp\/v2\/pages\/280","targetHints":{"allow":["GET"]}}],"collection":[{"href":"https:\/\/ronyalavin.com\/en\/wp-json\/wp\/v2\/pages"}],"about":[{"href":"https:\/\/ronyalavin.com\/en\/wp-json\/wp\/v2\/types\/page"}],"author":[{"embeddable":true,"href":"https:\/\/ronyalavin.com\/en\/wp-json\/wp\/v2\/users\/1"}],"replies":[{"embeddable":true,"href":"https:\/\/ronyalavin.com\/en\/wp-json\/wp\/v2\/comments?post=280"}],"version-history":[{"count":20,"href":"https:\/\/ronyalavin.com\/en\/wp-json\/wp\/v2\/pages\/280\/revisions"}],"predecessor-version":[{"id":872,"href":"https:\/\/ronyalavin.com\/en\/wp-json\/wp\/v2\/pages\/280\/revisions\/872"}],"wp:attachment":[{"href":"https:\/\/ronyalavin.com\/en\/wp-json\/wp\/v2\/media?parent=280"}],"curies":[{"name":"wp","href":"https:\/\/api.w.org\/{rel}","templated":true}]}}